{"id":3,"date":"2024-06-10T20:09:11","date_gmt":"2024-06-10T20:09:11","guid":{"rendered":"https:\/\/viverocactus.com.mx\/?page_id=3"},"modified":"2024-07-06T03:24:45","modified_gmt":"2024-07-06T03:24:45","slug":"politica-privacidad","status":"publish","type":"page","link":"https:\/\/viverocactus.com.mx\/index.php\/politica-privacidad\/","title":{"rendered":"Pol\u00edtica de privacidad"},"content":{"rendered":"\n<h3 class=\"wp-block-heading\">Aviso de Privacidad de Vivero Cactus<\/h3>\n\n\n\n<h4 class=\"wp-block-heading\">Responsable de la Protecci\u00f3n de sus Datos Personales<\/h4>\n\n\n\n<p>Vivero Cactus, con domicilio en La Mojonera Nte 102, 45920 Ajijic, Jal., M\u00e9xico, y con el tel\u00e9fono +52 1 33 1923 1750 y correo electr\u00f3nico viverocactusjal@hotmail.com, es responsable del tratamiento de sus datos personales.<\/p>\n\n\n\n<h4 class=\"wp-block-heading\">Finalidades del Tratamiento de Datos<\/h4>\n\n\n\n<p>Los datos personales que recabamos de usted ser\u00e1n utilizados para las siguientes finalidades:<\/p>\n\n\n\n<ol class=\"wp-block-list\">\n<li><strong>Creaci\u00f3n de una cuenta en nuestro sitio web<\/strong>: Recopilamos su nombre, direcci\u00f3n, correo electr\u00f3nico y n\u00famero de tel\u00e9fono para permitirle crear una cuenta en nuestro sitio web.<\/li>\n\n\n\n<li><strong>Gesti\u00f3n de destinos de env\u00edo de compras<\/strong>: Utilizamos la informaci\u00f3n de su direcci\u00f3n para procesar y enviar sus pedidos de manera eficiente.<\/li>\n<\/ol>\n\n\n\n<h4 class=\"wp-block-heading\">Transferencia de Datos Personales<\/h4>\n\n\n\n<p>Le informamos que Vivero Cactus no comparte sus datos personales con terceros.<\/p>\n\n\n\n<h4 class=\"wp-block-heading\">Derechos ARCO<\/h4>\n\n\n\n<p>Usted tiene derecho a conocer qu\u00e9 datos personales tenemos de usted, para qu\u00e9 los utilizamos y las condiciones del uso que les damos (Acceso). Asimismo, es su derecho solicitar la correcci\u00f3n de su informaci\u00f3n personal en caso de que est\u00e9 desactualizada, sea inexacta o incompleta (Rectificaci\u00f3n); que la eliminemos de nuestros registros o bases de datos cuando considere que la misma no est\u00e1 siendo utilizada adecuadamente (Cancelaci\u00f3n); as\u00ed como oponerse al uso de sus datos personales para fines espec\u00edficos (Oposici\u00f3n). Estos derechos se conocen como derechos ARCO.<\/p>\n\n\n\n<p>Para el ejercicio de cualquiera de los derechos ARCO, deber\u00e1 presentar la solicitud respectiva a trav\u00e9s del siguiente medio: enviando un correo electr\u00f3nico a viverocactusjal@hotmail.com. Para conocer el procedimiento y requisitos para el ejercicio de los derechos ARCO, usted podr\u00e1 ponerse en contacto con nuestro Departamento de Protecci\u00f3n de Datos Personales, que dar\u00e1 tr\u00e1mite a las solicitudes para el ejercicio de estos derechos, y atender\u00e1 cualquier duda que pudiera tener respecto al tratamiento de su informaci\u00f3n.<\/p>\n\n\n\n<h4 class=\"wp-block-heading\">Medidas de Seguridad<\/h4>\n\n\n\n<p>En Vivero Cactus hemos implementado las siguientes medidas de seguridad para proteger sus datos personales:<\/p>\n\n\n\n<ul class=\"wp-block-list\">\n<li>Certificado SSL para proteger la transmisi\u00f3n de datos.<\/li>\n\n\n\n<li>Protecci\u00f3n de servidores e infraestructuras.<\/li>\n\n\n\n<li>Monitoreo del servidor 24\/7.<\/li>\n\n\n\n<li>Configuraci\u00f3n uniforme de seguridad en todos los servidores.<\/li>\n\n\n\n<li>Protecci\u00f3n de firewall.<\/li>\n\n\n\n<li>M\u00f3dulos de seguridad avanzados, como mod_security, Suhosin PHP hardening, PHP open_basedir protection, entre otros.<\/li>\n\n\n\n<li>Protecci\u00f3n antimalware en terminales y servidores.<\/li>\n<\/ul>\n\n\n\n<h4 class=\"wp-block-heading\">Uso de Cookies y Tecnolog\u00edas Similares<\/h4>\n\n\n\n<p>Nuestro sitio web no utiliza cookies ni tecnolog\u00edas similares para recabar datos personales.<\/p>\n\n\n\n<h4 class=\"wp-block-heading\">Notificaci\u00f3n de Cambios en el Aviso de Privacidad<\/h4>\n\n\n\n<p>Vivero Cactus se reserva el derecho de efectuar en cualquier momento modificaciones o actualizaciones al presente aviso de privacidad, para la atenci\u00f3n de novedades legislativas, pol\u00edticas internas o nuevos requerimientos para la prestaci\u00f3n u ofrecimiento de nuestros servicios o productos. Estas modificaciones estar\u00e1n disponibles a trav\u00e9s de nuestro sitio web. Notificaremos sobre cambios significativos al aviso de privacidad a trav\u00e9s del correo electr\u00f3nico proporcionado por usted.<\/p>\n\n\n\n<h4 class=\"wp-block-heading\">Aceptaci\u00f3n de los T\u00e9rminos<\/h4>\n\n\n\n<p>Si el usuario utiliza los servicios ofrecidos a trav\u00e9s del sitio web de Vivero Cactus, significa que ha le\u00eddo, entendido y acordado los t\u00e9rminos antes expuestos.<\/p>\n\n\n\n<p>Fecha de \u00faltima actualizaci\u00f3n: 5 de julio de 2024.<\/p>\n","protected":false},"excerpt":{"rendered":"<p>Aviso de Privacidad de Vivero Cactus Responsable de la Protecci\u00f3n de sus Datos Personales Vivero Cactus, con domicilio en La Mojonera Nte 102, 45920 Ajijic, Jal., M\u00e9xico, y con el tel\u00e9fono +52 1 33 1923 1750 y correo electr\u00f3nico viverocactusjal@hotmail.com, es responsable del tratamiento de sus datos personales. Finalidades del Tratamiento de Datos Los datos [&hellip;]<\/p>\n","protected":false},"author":1,"featured_media":0,"parent":0,"menu_order":0,"comment_status":"closed","ping_status":"open","template":"","meta":{"footnotes":""},"class_list":["post-3","page","type-page","status-publish","hentry"],"_links":{"self":[{"href":"https:\/\/viverocactus.com.mx\/index.php\/wp-json\/wp\/v2\/pages\/3","targetHints":{"allow":["GET"]}}],"collection":[{"href":"https:\/\/viverocactus.com.mx\/index.php\/wp-json\/wp\/v2\/pages"}],"about":[{"href":"https:\/\/viverocactus.com.mx\/index.php\/wp-json\/wp\/v2\/types\/page"}],"author":[{"embeddable":true,"href":"https:\/\/viverocactus.com.mx\/index.php\/wp-json\/wp\/v2\/users\/1"}],"replies":[{"embeddable":true,"href":"https:\/\/viverocactus.com.mx\/index.php\/wp-json\/wp\/v2\/comments?post=3"}],"version-history":[{"count":1,"href":"https:\/\/viverocactus.com.mx\/index.php\/wp-json\/wp\/v2\/pages\/3\/revisions"}],"predecessor-version":[{"id":4292,"href":"https:\/\/viverocactus.com.mx\/index.php\/wp-json\/wp\/v2\/pages\/3\/revisions\/4292"}],"wp:attachment":[{"href":"https:\/\/viverocactus.com.mx\/index.php\/wp-json\/wp\/v2\/media?parent=3"}],"curies":[{"name":"wp","href":"https:\/\/api.w.org\/{rel}","templated":true}]}}