{"id":2,"date":"2025-01-05T20:09:11","date_gmt":"2025-01-05T20:09:11","guid":{"rendered":"https:\/\/viverocactus.com.mx\/?page_id=2"},"modified":"2025-01-06T04:39:03","modified_gmt":"2025-01-06T04:39:03","slug":"enero2025","status":"publish","type":"page","link":"https:\/\/viverocactus.com.mx\/index.php\/enero2025\/","title":{"rendered":"Venta especial en l\u00ednea"},"content":{"rendered":"<p>[vc_row][vc_column parallax=&#8221;content-moving&#8221;][vc_column_text css=&#8221;&#8221;]\ud83c\udf35\u2728 <strong>\u00a1Bienvenido a nuestra Venta Especial en L\u00ednea!<\/strong> \u2728\ud83c\udf35<\/p>\n<p>Explora nuestra selecci\u00f3n de cact\u00e1ceas, suculentas y plantas raras, elegidas especialmente para ti. \ud83c\udf31\ud83c\udf81<\/p>\n<p><strong>\u00bfC\u00f3mo comprar?<\/strong><br \/>\n1\ufe0f\u20e3 <strong>Elige las plantas<\/strong> que quieres llevar a casa.<br \/>\n2\ufe0f\u20e3 <strong>Realiza tu pago<\/strong> por PayPal o transferencia bancaria.<br \/>\n3\ufe0f\u20e3 <strong>Recuerda:<\/strong> Las piezas son <strong>limitadas<\/strong>, y se entregar\u00e1n a la primera persona que complete su pago.<\/p>\n<p>\ud83d\udea8 <strong>\u00a1Apres\u00farate!<\/strong> Asegura tus plantas antes de que alguien m\u00e1s lo haga. \ud83c\udf35\ud83d\udca8<\/p>\n<p>\u00a1Lleva la magia del vivero directo a tu hogar con unos clics! \ud83d\ude9b\ud83d\udc9a[\/vc_column_text]<div class=\"woocommerce columns-4 \"><\/div>[vc_column_text css=&#8221;&#8221;]<\/p>\n<div class=\"flex max-w-full flex-col flex-grow\">\n<div class=\"min-h-8 text-message flex w-full flex-col items-end gap-2 whitespace-normal break-words text-start [.text-message+&amp;]:mt-5\" dir=\"auto\" data-message-author-role=\"assistant\" data-message-id=\"98841ea4-2e3b-4ca7-b861-0d2c1726ee53\" data-message-model-slug=\"gpt-4o\">\n<div class=\"flex w-full flex-col gap-1 empty:hidden first:pt-[3px]\">\n<div class=\"markdown prose w-full break-words dark:prose-invert dark\">\n<p>\ud83c\udf35 <strong>Importante: Pol\u00edtica de Pagos<\/strong> \ud83c\udf35<\/p>\n<p>En caso de realizar tu pago en ventanilla y que otro usuario complete su compra antes que t\u00fa mediante PayPal, el monto que pagaste quedar\u00e1 registrado como saldo a tu favor. \ud83d\udc9a\u2728<\/p>\n<p>Este saldo podr\u00e1 ser utilizado para adquirir otra planta de tu preferencia dentro de nuestra Venta Especial en L\u00ednea. <strong>No realizamos devoluciones de dinero en efectivo, \u00fanicamente en producto.<\/strong><\/p>\n<p>Gracias por tu comprensi\u00f3n y por ser parte de nuestra comunidad cactucera. \ud83c\udf31\ud83d\udc9a<\/p>\n<\/div>\n<\/div>\n<\/div>\n<\/div>\n<div class=\"mb-2 flex gap-3 empty:hidden -ml-2\">\n<div class=\"items-center justify-start rounded-xl p-1 flex\">\n<div class=\"flex items-center\"><\/div>\n<\/div>\n<\/div>\n<p>[\/vc_column_text][\/vc_column][\/vc_row]<\/p>\n","protected":false},"excerpt":{"rendered":"<p>[vc_row][vc_column parallax=&#8221;content-moving&#8221;][vc_column_text css=&#8221;&#8221;]\ud83c\udf35\u2728 \u00a1Bienvenido a nuestra Venta Especial en L\u00ednea! \u2728\ud83c\udf35 Explora nuestra selecci\u00f3n de cact\u00e1ceas, suculentas y plantas raras, elegidas especialmente para ti. \ud83c\udf31\ud83c\udf81 \u00bfC\u00f3mo comprar? 1\ufe0f\u20e3 Elige las plantas que quieres llevar a casa. 2\ufe0f\u20e3 Realiza tu pago por PayPal o transferencia bancaria. 3\ufe0f\u20e3 Recuerda: Las piezas son limitadas, y se entregar\u00e1n a [&hellip;]<\/p>\n","protected":false},"author":1,"featured_media":0,"parent":0,"menu_order":0,"comment_status":"closed","ping_status":"closed","template":"","meta":{"footnotes":""},"class_list":["post-2","page","type-page","status-publish","hentry"],"_links":{"self":[{"href":"https:\/\/viverocactus.com.mx\/index.php\/wp-json\/wp\/v2\/pages\/2","targetHints":{"allow":["GET"]}}],"collection":[{"href":"https:\/\/viverocactus.com.mx\/index.php\/wp-json\/wp\/v2\/pages"}],"about":[{"href":"https:\/\/viverocactus.com.mx\/index.php\/wp-json\/wp\/v2\/types\/page"}],"author":[{"embeddable":true,"href":"https:\/\/viverocactus.com.mx\/index.php\/wp-json\/wp\/v2\/users\/1"}],"replies":[{"embeddable":true,"href":"https:\/\/viverocactus.com.mx\/index.php\/wp-json\/wp\/v2\/comments?post=2"}],"version-history":[{"count":4,"href":"https:\/\/viverocactus.com.mx\/index.php\/wp-json\/wp\/v2\/pages\/2\/revisions"}],"predecessor-version":[{"id":5646,"href":"https:\/\/viverocactus.com.mx\/index.php\/wp-json\/wp\/v2\/pages\/2\/revisions\/5646"}],"wp:attachment":[{"href":"https:\/\/viverocactus.com.mx\/index.php\/wp-json\/wp\/v2\/media?parent=2"}],"curies":[{"name":"wp","href":"https:\/\/api.w.org\/{rel}","templated":true}]}}