{"id":11,"date":"2024-07-06T04:17:30","date_gmt":"2024-07-06T04:17:30","guid":{"rendered":"https:\/\/viverocactus.com.mx\/?page_id=11"},"modified":"2024-07-06T04:17:30","modified_gmt":"2024-07-06T04:17:30","slug":"refund_returns-2","status":"publish","type":"page","link":"https:\/\/viverocactus.com.mx\/index.php\/refund_returns-2\/","title":{"rendered":"Pol\u00edtica de Reembolsos y Devoluciones de Vivero Cactus"},"content":{"rendered":"\n<h4 class=\"wp-block-heading\">Devoluciones<\/h4>\n\n\n\n<p>En Vivero Cactus, no aceptamos devoluciones debido a la naturaleza de nuestros productos. Nuestros productos son plantas vivas, que est\u00e1n sujetas a diversas condiciones externas, como la manipulaci\u00f3n durante el env\u00edo, factores ambientales y el manejo por parte del cliente, lo que puede afectar su estado y viabilidad.<\/p>\n\n\n\n<h4 class=\"wp-block-heading\">Razones para la No Devoluci\u00f3n<\/h4>\n\n\n\n<ol class=\"wp-block-list\">\n<li><strong>Manipulaci\u00f3n de Paqueter\u00eda<\/strong>: Durante el env\u00edo, las plantas pueden sufrir da\u00f1os que est\u00e1n fuera de nuestro control.<\/li>\n\n\n\n<li><strong>Factores Ambientales<\/strong>: Las plantas est\u00e1n sujetas a cambios ambientales que pueden afectar su salud y apariencia.<\/li>\n\n\n\n<li><strong>Manejo por Parte del Cliente<\/strong>: El manejo inadecuado por parte del cliente puede impactar negativamente en las plantas, lo que hace imposible garantizar su estado para una devoluci\u00f3n.<\/li>\n<\/ol>\n\n\n\n<h4 class=\"wp-block-heading\">Reembolsos<\/h4>\n\n\n\n<p>Dado que no aceptamos devoluciones, no ofrecemos reembolsos por las compras realizadas. Sin embargo, nuestro equipo est\u00e1 comprometido en brindar asistencia y apoyo a nuestros clientes para asegurar que reciban productos de la mejor calidad posible.<\/p>\n\n\n\n<h4 class=\"wp-block-heading\">Contacto<\/h4>\n\n\n\n<p>Para cualquier consulta o asistencia adicional, puede contactarnos a trav\u00e9s de nuestro correo electr\u00f3nico <a>viverocactusjal@hotmail.com<\/a> o llamando al +52 1 33 1923 1750. Nuestro equipo estar\u00e1 encantado de ayudarle con cualquier duda o preocupaci\u00f3n que pueda tener respecto a su compra.<\/p>\n","protected":false},"excerpt":{"rendered":"<p>Devoluciones En Vivero Cactus, no aceptamos devoluciones debido a la naturaleza de nuestros productos. Nuestros productos son plantas vivas, que est\u00e1n sujetas a diversas condiciones externas, como la manipulaci\u00f3n durante el env\u00edo, factores ambientales y el manejo por parte del cliente, lo que puede afectar su estado y viabilidad. Razones para la No Devoluci\u00f3n Reembolsos [&hellip;]<\/p>\n","protected":false},"author":1,"featured_media":0,"parent":0,"menu_order":0,"comment_status":"closed","ping_status":"closed","template":"","meta":{"footnotes":""},"class_list":["post-11","page","type-page","status-publish","hentry"],"_links":{"self":[{"href":"https:\/\/viverocactus.com.mx\/index.php\/wp-json\/wp\/v2\/pages\/11","targetHints":{"allow":["GET"]}}],"collection":[{"href":"https:\/\/viverocactus.com.mx\/index.php\/wp-json\/wp\/v2\/pages"}],"about":[{"href":"https:\/\/viverocactus.com.mx\/index.php\/wp-json\/wp\/v2\/types\/page"}],"author":[{"embeddable":true,"href":"https:\/\/viverocactus.com.mx\/index.php\/wp-json\/wp\/v2\/users\/1"}],"replies":[{"embeddable":true,"href":"https:\/\/viverocactus.com.mx\/index.php\/wp-json\/wp\/v2\/comments?post=11"}],"version-history":[{"count":1,"href":"https:\/\/viverocactus.com.mx\/index.php\/wp-json\/wp\/v2\/pages\/11\/revisions"}],"predecessor-version":[{"id":4293,"href":"https:\/\/viverocactus.com.mx\/index.php\/wp-json\/wp\/v2\/pages\/11\/revisions\/4293"}],"wp:attachment":[{"href":"https:\/\/viverocactus.com.mx\/index.php\/wp-json\/wp\/v2\/media?parent=11"}],"curies":[{"name":"wp","href":"https:\/\/api.w.org\/{rel}","templated":true}]}}